{"id":263,"date":"2022-07-07T11:20:17","date_gmt":"2022-07-07T09:20:17","guid":{"rendered":"http:\/\/mussoncicos.com\/?page_id=263"},"modified":"2022-07-08T17:54:01","modified_gmt":"2022-07-08T15:54:01","slug":"informacion-sobre-la-boda","status":"publish","type":"page","link":"https:\/\/mussoncicos.com\/ca\/informacion-sobre-la-boda\/","title":{"rendered":"Informaci\u00f3 sobre el casament"},"content":{"rendered":"<p class=\"has-text-align-center\"><a href=\"http:\/\/mussoncicos.com\/ca\/como-podria-ser-el-vestuario\/\">Consells sobre com vestir<\/a><\/p>\n\n\n\n<p class=\"has-text-align-center\"><a href=\"http:\/\/mussoncicos.com\/ca\/habra-animacion-infantil\/\">Hi haur\u00e0 animaci\u00f3 infantil?<\/a><\/p>\n\n\n\n<p class=\"has-text-align-center\"><a href=\"http:\/\/mussoncicos.com\/ca\/comida\/\">Menjar!<\/a><\/p>\n\n\n\n<p class=\"has-text-align-center\"><a href=\"http:\/\/mussoncicos.com\/ca\/donde-realizaremos-la-celebracion\/\">On farem la celebraci\u00f3?<\/a><\/p>\n\n\n\n<p class=\"has-text-align-center\"><a href=\"http:\/\/mussoncicos.com\/ca\/donde-nos-quedariamos-a-dormir\/\">Si voleu allotjar-vos al c\u00e0mping<\/a><\/p>\n\n\n\n<p class=\"has-text-align-center\"><a href=\"http:\/\/mussoncicos.com\/ca\/si-no-os-alojais-en-el-camping\/\">Si NO voleu allotjar-vos al c\u00e0mping<\/a><\/p>","protected":false},"excerpt":{"rendered":"<p>Consejos sobre c\u00f3mo vestir \u00bfHabr\u00e1 animaci\u00f3n infantil? \u00a1Comida! \u00bfD\u00f3nde realizaremos la celebraci\u00f3n? Si quer\u00e9is alojaros en el camping Si NO quer\u00e9is alojaros en el camping<\/p>","protected":false},"author":1,"featured_media":0,"parent":0,"menu_order":0,"comment_status":"closed","ping_status":"closed","template":"","meta":{"footnotes":""},"aioseo_notices":[],"_links":{"self":[{"href":"https:\/\/mussoncicos.com\/ca\/wp-json\/wp\/v2\/pages\/263"}],"collection":[{"href":"https:\/\/mussoncicos.com\/ca\/wp-json\/wp\/v2\/pages"}],"about":[{"href":"https:\/\/mussoncicos.com\/ca\/wp-json\/wp\/v2\/types\/page"}],"author":[{"embeddable":true,"href":"https:\/\/mussoncicos.com\/ca\/wp-json\/wp\/v2\/users\/1"}],"replies":[{"embeddable":true,"href":"https:\/\/mussoncicos.com\/ca\/wp-json\/wp\/v2\/comments?post=263"}],"version-history":[{"count":6,"href":"https:\/\/mussoncicos.com\/ca\/wp-json\/wp\/v2\/pages\/263\/revisions"}],"predecessor-version":[{"id":349,"href":"https:\/\/mussoncicos.com\/ca\/wp-json\/wp\/v2\/pages\/263\/revisions\/349"}],"wp:attachment":[{"href":"https:\/\/mussoncicos.com\/ca\/wp-json\/wp\/v2\/media?parent=263"}],"curies":[{"name":"wp","href":"https:\/\/api.w.org\/{rel}","templated":true}]}}