{"id":63,"date":"2022-07-04T20:58:50","date_gmt":"2022-07-04T18:58:50","guid":{"rendered":"http:\/\/mussoncicos.com\/?page_id=63"},"modified":"2022-07-17T14:14:18","modified_gmt":"2022-07-17T12:14:18","slug":"descarga-app","status":"publish","type":"page","link":"https:\/\/mussoncicos.com\/ca\/descarga-app\/","title":{"rendered":"Descarga la aplicaci\u00f3n para subir las fotos"},"content":{"rendered":"<p>Ens encantar\u00e0 que compartiu amb nosaltres totes les fotos que feu al casament.<\/p>\n\n\n\n<p>Per a poder-ho fer, descarregueu l'aplicaci\u00f3:<\/p>\n\n\n\n<p class=\"has-text-align-center has-x-large-font-size\">Wedshoots<\/p>\n\n\n<div class=\"wp-block-image\">\n<figure class=\"aligncenter size-full\"><img loading=\"lazy\" decoding=\"async\" width=\"136\" height=\"98\" src=\"http:\/\/mussoncicos.com\/wp-content\/uploads\/2022\/07\/logo_wedshoots.png\" alt=\"\" class=\"wp-image-70\"\/><\/figure><\/div>\n\n\n<center>\n<a rel=\"nofollow noopener noreferrer\" target=\"_blank\" href=\"https:\/\/app.appsflyer.com\/id598636207?pid=WP-iOS-ES&amp;c=WP-ES-LANDINGS&amp;s=es\">\n                        <img decoding=\"async\" src=\"https:\/\/cdn1.bodas.net\/assets\/img\/footer\/appstore.png\" srcset=\"https:\/\/cdn1.bodas.net\/assets\/img\/footer\/appstore@2x.png 2x\" width=\"140\" height=\"42\" loading=\"lazy\" alt=\"Appstore\">\n<\/a>\n<\/br>\n<\/br>        \n<a rel=\"nofollow noopener noreferrer\" target=\"_blank\" href=\"https:\/\/play.google.com\/store\/apps\/details?id=net.bodas.android.wedshoots\">\n                        <img decoding=\"async\" src=\"https:\/\/cdn1.bodas.net\/assets\/img\/footer\/googleplay.png\" srcset=\"https:\/\/cdn1.bodas.net\/assets\/img\/footer\/googleplay@2x.png 2x\" width=\"140\" height=\"42\" loading=\"lazy\" alt=\"Google Play\">\n<\/a>\n<\/center>\n\n\n\n<p><\/p>\n\n\n\n<p class=\"has-text-align-center\">Un cop instal\u00b7lada podr\u00e0s accedir a l'\u00e0lbum introduint el teu nom i el codi del nostre \u00e0lbum: <\/p>\n\n\n\n<p class=\"has-text-align-center\"><strong>ESe7019505<\/strong><\/p>","protected":false},"excerpt":{"rendered":"<p>Nos encantar\u00e1 que compart\u00e1is con nosotros todas las fotos que hag\u00e1is en la boda. Para ello, descargad la aplicaci\u00f3n: Wedshoots Una vez instalada podr\u00e1s acceder al \u00e1lbum introduciendo tu nombre y el c\u00f3digo de nuestro \u00e1lbum: ESe7019505<\/p>","protected":false},"author":1,"featured_media":0,"parent":0,"menu_order":0,"comment_status":"closed","ping_status":"closed","template":"","meta":{"footnotes":""},"aioseo_notices":[],"_links":{"self":[{"href":"https:\/\/mussoncicos.com\/ca\/wp-json\/wp\/v2\/pages\/63"}],"collection":[{"href":"https:\/\/mussoncicos.com\/ca\/wp-json\/wp\/v2\/pages"}],"about":[{"href":"https:\/\/mussoncicos.com\/ca\/wp-json\/wp\/v2\/types\/page"}],"author":[{"embeddable":true,"href":"https:\/\/mussoncicos.com\/ca\/wp-json\/wp\/v2\/users\/1"}],"replies":[{"embeddable":true,"href":"https:\/\/mussoncicos.com\/ca\/wp-json\/wp\/v2\/comments?post=63"}],"version-history":[{"count":15,"href":"https:\/\/mussoncicos.com\/ca\/wp-json\/wp\/v2\/pages\/63\/revisions"}],"predecessor-version":[{"id":398,"href":"https:\/\/mussoncicos.com\/ca\/wp-json\/wp\/v2\/pages\/63\/revisions\/398"}],"wp:attachment":[{"href":"https:\/\/mussoncicos.com\/ca\/wp-json\/wp\/v2\/media?parent=63"}],"curies":[{"name":"wp","href":"https:\/\/api.w.org\/{rel}","templated":true}]}}